{"id":19177,"date":"2020-05-12T09:19:17","date_gmt":"2020-05-12T09:19:17","guid":{"rendered":"https:\/\/enoturismo.vinosdelaluz.com\/%d0%bc%d1%96%d0%b9-%d0%be%d0%b1%d0%bb%d1%96%d0%ba%d0%be%d0%b2%d0%b8%d0%b9-%d0%b7%d0%b0%d0%bf%d0%b8%d1%81-2\/"},"modified":"2026-03-13T13:59:28","modified_gmt":"2026-03-13T13:59:28","slug":"%d0%bc%d1%96%d0%b9-%d0%be%d0%b1%d0%bb%d1%96%d0%ba%d0%be%d0%b2%d0%b8%d0%b9-%d0%b7%d0%b0%d0%bf%d0%b8%d1%81-2","status":"publish","type":"page","link":"https:\/\/enoturismo.vinosdelaluz.com\/uk\/%d0%bc%d1%96%d0%b9-%d0%be%d0%b1%d0%bb%d1%96%d0%ba%d0%be%d0%b2%d0%b8%d0%b9-%d0%b7%d0%b0%d0%bf%d0%b8%d1%81-2\/","title":{"rendered":"\u041c\u0456\u0439 \u043e\u0431\u043b\u0456\u043a\u043e\u0432\u0438\u0439 \u0437\u0430\u043f\u0438\u0441"},"content":{"rendered":"<div class=\"woocommerce\"><\/div>\n","protected":false},"excerpt":{"rendered":"","protected":false},"author":1,"featured_media":0,"parent":0,"menu_order":0,"comment_status":"closed","ping_status":"closed","template":"","meta":{"footnotes":""},"class_list":["post-19177","page","type-page","status-publish","hentry"],"yoast_head":"<!-- This site is optimized with the Yoast SEO plugin v27.4 - https:\/\/yoast.com\/product\/yoast-seo-wordpress\/ -->\n<title>\u041c\u0456\u0439 \u043e\u0431\u043b\u0456\u043a\u043e\u0432\u0438\u0439 \u0437\u0430\u043f\u0438\u0441 - Vinos de La Luz - Enoturismo<\/title>\n<meta name=\"robots\" content=\"noindex, nofollow\" \/>\n<meta property=\"og:locale\" content=\"uk_UA\" \/>\n<meta property=\"og:type\" content=\"article\" \/>\n<meta property=\"og:title\" content=\"\u041c\u0456\u0439 \u043e\u0431\u043b\u0456\u043a\u043e\u0432\u0438\u0439 \u0437\u0430\u043f\u0438\u0441 - Vinos de La Luz - Enoturismo\" \/>\n<meta property=\"og:url\" content=\"https:\/\/enoturismo.vinosdelaluz.com\/uk\/%d0%bc%d1%96%d0%b9-%d0%be%d0%b1%d0%bb%d1%96%d0%ba%d0%be%d0%b2%d0%b8%d0%b9-%d0%b7%d0%b0%d0%bf%d0%b8%d1%81-2\/\" \/>\n<meta property=\"og:site_name\" content=\"Vinos de La Luz - Enoturismo\" \/>\n<meta property=\"article:modified_time\" content=\"2026-03-13T13:59:28+00:00\" \/>\n<meta name=\"twitter:card\" content=\"summary_large_image\" \/>\n<script type=\"application\/ld+json\" class=\"yoast-schema-graph\">{\"@context\":\"https:\\\/\\\/schema.org\",\"@graph\":[{\"@type\":\"WebPage\",\"@id\":\"https:\\\/\\\/enoturismo.vinosdelaluz.com\\\/uk\\\/%d0%bc%d1%96%d0%b9-%d0%be%d0%b1%d0%bb%d1%96%d0%ba%d0%be%d0%b2%d0%b8%d0%b9-%d0%b7%d0%b0%d0%bf%d0%b8%d1%81-2\\\/\",\"url\":\"https:\\\/\\\/enoturismo.vinosdelaluz.com\\\/uk\\\/%d0%bc%d1%96%d0%b9-%d0%be%d0%b1%d0%bb%d1%96%d0%ba%d0%be%d0%b2%d0%b8%d0%b9-%d0%b7%d0%b0%d0%bf%d0%b8%d1%81-2\\\/\",\"name\":\"\u041c\u0456\u0439 \u043e\u0431\u043b\u0456\u043a\u043e\u0432\u0438\u0439 \u0437\u0430\u043f\u0438\u0441 - Vinos de La Luz - Enoturismo\",\"isPartOf\":{\"@id\":\"https:\\\/\\\/enoturismo.vinosdelaluz.com\\\/uk\\\/#website\"},\"datePublished\":\"2020-05-12T09:19:17+00:00\",\"dateModified\":\"2026-03-13T13:59:28+00:00\",\"breadcrumb\":{\"@id\":\"https:\\\/\\\/enoturismo.vinosdelaluz.com\\\/uk\\\/%d0%bc%d1%96%d0%b9-%d0%be%d0%b1%d0%bb%d1%96%d0%ba%d0%be%d0%b2%d0%b8%d0%b9-%d0%b7%d0%b0%d0%bf%d0%b8%d1%81-2\\\/#breadcrumb\"},\"inLanguage\":\"uk\",\"potentialAction\":[{\"@type\":\"ReadAction\",\"target\":[\"https:\\\/\\\/enoturismo.vinosdelaluz.com\\\/uk\\\/%d0%bc%d1%96%d0%b9-%d0%be%d0%b1%d0%bb%d1%96%d0%ba%d0%be%d0%b2%d0%b8%d0%b9-%d0%b7%d0%b0%d0%bf%d0%b8%d1%81-2\\\/\"]}]},{\"@type\":\"BreadcrumbList\",\"@id\":\"https:\\\/\\\/enoturismo.vinosdelaluz.com\\\/uk\\\/%d0%bc%d1%96%d0%b9-%d0%be%d0%b1%d0%bb%d1%96%d0%ba%d0%be%d0%b2%d0%b8%d0%b9-%d0%b7%d0%b0%d0%bf%d0%b8%d1%81-2\\\/#breadcrumb\",\"itemListElement\":[{\"@type\":\"ListItem\",\"position\":1,\"name\":\"Portada\",\"item\":\"https:\\\/\\\/enoturismo.vinosdelaluz.com\\\/uk\\\/%d0%b3%d0%be%d0%bb%d0%be%d0%b2%d0%bd%d0%b0\\\/\"},{\"@type\":\"ListItem\",\"position\":2,\"name\":\"\u041c\u0456\u0439 \u043e\u0431\u043b\u0456\u043a\u043e\u0432\u0438\u0439 \u0437\u0430\u043f\u0438\u0441\"}]},{\"@type\":\"WebSite\",\"@id\":\"https:\\\/\\\/enoturismo.vinosdelaluz.com\\\/uk\\\/#website\",\"url\":\"https:\\\/\\\/enoturismo.vinosdelaluz.com\\\/uk\\\/\",\"name\":\"Qwery\",\"description\":\"Grupo vitivin\u00edcola que cuenta con bodegas productoras de vinos con nombre propio y calidad \u00fanica, en las regiones m\u00e1s destacadas del viejo y nuevo mundo\",\"publisher\":{\"@id\":\"https:\\\/\\\/enoturismo.vinosdelaluz.com\\\/uk\\\/#organization\"},\"potentialAction\":[{\"@type\":\"SearchAction\",\"target\":{\"@type\":\"EntryPoint\",\"urlTemplate\":\"https:\\\/\\\/enoturismo.vinosdelaluz.com\\\/uk\\\/?s={search_term_string}\"},\"query-input\":{\"@type\":\"PropertyValueSpecification\",\"valueRequired\":true,\"valueName\":\"search_term_string\"}}],\"inLanguage\":\"uk\"},{\"@type\":\"Organization\",\"@id\":\"https:\\\/\\\/enoturismo.vinosdelaluz.com\\\/uk\\\/#organization\",\"name\":\"Vinos de La Luz\",\"url\":\"https:\\\/\\\/enoturismo.vinosdelaluz.com\\\/uk\\\/\",\"logo\":{\"@type\":\"ImageObject\",\"inLanguage\":\"uk\",\"@id\":\"https:\\\/\\\/enoturismo.vinosdelaluz.com\\\/uk\\\/#\\\/schema\\\/logo\\\/image\\\/\",\"url\":\"https:\\\/\\\/enoturismo.vinosdelaluz.com\\\/wp-content\\\/uploads\\\/2025\\\/08\\\/vinosDelLaLuz.svg\",\"contentUrl\":\"https:\\\/\\\/enoturismo.vinosdelaluz.com\\\/wp-content\\\/uploads\\\/2025\\\/08\\\/vinosDelLaLuz.svg\",\"width\":308,\"height\":328,\"caption\":\"Vinos de La Luz\"},\"image\":{\"@id\":\"https:\\\/\\\/enoturismo.vinosdelaluz.com\\\/uk\\\/#\\\/schema\\\/logo\\\/image\\\/\"}}]}<\/script>\n<!-- \/ Yoast SEO plugin. -->","yoast_head_json":{"title":"\u041c\u0456\u0439 \u043e\u0431\u043b\u0456\u043a\u043e\u0432\u0438\u0439 \u0437\u0430\u043f\u0438\u0441 - Vinos de La Luz - Enoturismo","robots":{"index":"noindex","follow":"nofollow"},"og_locale":"uk_UA","og_type":"article","og_title":"\u041c\u0456\u0439 \u043e\u0431\u043b\u0456\u043a\u043e\u0432\u0438\u0439 \u0437\u0430\u043f\u0438\u0441 - Vinos de La Luz - Enoturismo","og_url":"https:\/\/enoturismo.vinosdelaluz.com\/uk\/%d0%bc%d1%96%d0%b9-%d0%be%d0%b1%d0%bb%d1%96%d0%ba%d0%be%d0%b2%d0%b8%d0%b9-%d0%b7%d0%b0%d0%bf%d0%b8%d1%81-2\/","og_site_name":"Vinos de La Luz - Enoturismo","article_modified_time":"2026-03-13T13:59:28+00:00","twitter_card":"summary_large_image","schema":{"@context":"https:\/\/schema.org","@graph":[{"@type":"WebPage","@id":"https:\/\/enoturismo.vinosdelaluz.com\/uk\/%d0%bc%d1%96%d0%b9-%d0%be%d0%b1%d0%bb%d1%96%d0%ba%d0%be%d0%b2%d0%b8%d0%b9-%d0%b7%d0%b0%d0%bf%d0%b8%d1%81-2\/","url":"https:\/\/enoturismo.vinosdelaluz.com\/uk\/%d0%bc%d1%96%d0%b9-%d0%be%d0%b1%d0%bb%d1%96%d0%ba%d0%be%d0%b2%d0%b8%d0%b9-%d0%b7%d0%b0%d0%bf%d0%b8%d1%81-2\/","name":"\u041c\u0456\u0439 \u043e\u0431\u043b\u0456\u043a\u043e\u0432\u0438\u0439 \u0437\u0430\u043f\u0438\u0441 - Vinos de La Luz - Enoturismo","isPartOf":{"@id":"https:\/\/enoturismo.vinosdelaluz.com\/uk\/#website"},"datePublished":"2020-05-12T09:19:17+00:00","dateModified":"2026-03-13T13:59:28+00:00","breadcrumb":{"@id":"https:\/\/enoturismo.vinosdelaluz.com\/uk\/%d0%bc%d1%96%d0%b9-%d0%be%d0%b1%d0%bb%d1%96%d0%ba%d0%be%d0%b2%d0%b8%d0%b9-%d0%b7%d0%b0%d0%bf%d0%b8%d1%81-2\/#breadcrumb"},"inLanguage":"uk","potentialAction":[{"@type":"ReadAction","target":["https:\/\/enoturismo.vinosdelaluz.com\/uk\/%d0%bc%d1%96%d0%b9-%d0%be%d0%b1%d0%bb%d1%96%d0%ba%d0%be%d0%b2%d0%b8%d0%b9-%d0%b7%d0%b0%d0%bf%d0%b8%d1%81-2\/"]}]},{"@type":"BreadcrumbList","@id":"https:\/\/enoturismo.vinosdelaluz.com\/uk\/%d0%bc%d1%96%d0%b9-%d0%be%d0%b1%d0%bb%d1%96%d0%ba%d0%be%d0%b2%d0%b8%d0%b9-%d0%b7%d0%b0%d0%bf%d0%b8%d1%81-2\/#breadcrumb","itemListElement":[{"@type":"ListItem","position":1,"name":"Portada","item":"https:\/\/enoturismo.vinosdelaluz.com\/uk\/%d0%b3%d0%be%d0%bb%d0%be%d0%b2%d0%bd%d0%b0\/"},{"@type":"ListItem","position":2,"name":"\u041c\u0456\u0439 \u043e\u0431\u043b\u0456\u043a\u043e\u0432\u0438\u0439 \u0437\u0430\u043f\u0438\u0441"}]},{"@type":"WebSite","@id":"https:\/\/enoturismo.vinosdelaluz.com\/uk\/#website","url":"https:\/\/enoturismo.vinosdelaluz.com\/uk\/","name":"Qwery","description":"Grupo vitivin\u00edcola que cuenta con bodegas productoras de vinos con nombre propio y calidad \u00fanica, en las regiones m\u00e1s destacadas del viejo y nuevo mundo","publisher":{"@id":"https:\/\/enoturismo.vinosdelaluz.com\/uk\/#organization"},"potentialAction":[{"@type":"SearchAction","target":{"@type":"EntryPoint","urlTemplate":"https:\/\/enoturismo.vinosdelaluz.com\/uk\/?s={search_term_string}"},"query-input":{"@type":"PropertyValueSpecification","valueRequired":true,"valueName":"search_term_string"}}],"inLanguage":"uk"},{"@type":"Organization","@id":"https:\/\/enoturismo.vinosdelaluz.com\/uk\/#organization","name":"Vinos de La Luz","url":"https:\/\/enoturismo.vinosdelaluz.com\/uk\/","logo":{"@type":"ImageObject","inLanguage":"uk","@id":"https:\/\/enoturismo.vinosdelaluz.com\/uk\/#\/schema\/logo\/image\/","url":"https:\/\/enoturismo.vinosdelaluz.com\/wp-content\/uploads\/2025\/08\/vinosDelLaLuz.svg","contentUrl":"https:\/\/enoturismo.vinosdelaluz.com\/wp-content\/uploads\/2025\/08\/vinosDelLaLuz.svg","width":308,"height":328,"caption":"Vinos de La Luz"},"image":{"@id":"https:\/\/enoturismo.vinosdelaluz.com\/uk\/#\/schema\/logo\/image\/"}}]}},"_links":{"self":[{"href":"https:\/\/enoturismo.vinosdelaluz.com\/uk\/wp-json\/wp\/v2\/pages\/19177","targetHints":{"allow":["GET"]}}],"collection":[{"href":"https:\/\/enoturismo.vinosdelaluz.com\/uk\/wp-json\/wp\/v2\/pages"}],"about":[{"href":"https:\/\/enoturismo.vinosdelaluz.com\/uk\/wp-json\/wp\/v2\/types\/page"}],"author":[{"embeddable":true,"href":"https:\/\/enoturismo.vinosdelaluz.com\/uk\/wp-json\/wp\/v2\/users\/1"}],"replies":[{"embeddable":true,"href":"https:\/\/enoturismo.vinosdelaluz.com\/uk\/wp-json\/wp\/v2\/comments?post=19177"}],"version-history":[{"count":1,"href":"https:\/\/enoturismo.vinosdelaluz.com\/uk\/wp-json\/wp\/v2\/pages\/19177\/revisions"}],"predecessor-version":[{"id":19178,"href":"https:\/\/enoturismo.vinosdelaluz.com\/uk\/wp-json\/wp\/v2\/pages\/19177\/revisions\/19178"}],"wp:attachment":[{"href":"https:\/\/enoturismo.vinosdelaluz.com\/uk\/wp-json\/wp\/v2\/media?parent=19177"}],"curies":[{"name":"wp","href":"https:\/\/api.w.org\/{rel}","templated":true}]}}